{"id":6,"date":"2009-11-29T23:49:54","date_gmt":"2009-11-29T22:49:54","guid":{"rendered":"http:\/\/nblok306.ftn.uns.ac.rs\/~zoran\/?page_id=6"},"modified":"2022-10-06T12:53:46","modified_gmt":"2022-10-06T10:53:46","slug":"personal-data","status":"publish","type":"page","link":"https:\/\/nblok306.ftn.uns.ac.rs\/~zoran\/?page_id=6","title":{"rendered":"About"},"content":{"rendered":"<p style=\"text-align: center; border: none;\"><strong><img decoding=\"async\" class=\"size-full wp-image-64\" title=\"zoki\" src=\"http:\/\/nblok306.ftn.uns.ac.rs\/~zoran\/wp-content\/uploads\/2009\/12\/photo_of_zoran.png\" alt=\"zoki\"\/><\/strong><\/p>\n<h5 style=\"text-align: center;\"><span style=\"color: #c67114;\"><strong>Zoran B. Ovcin, PhD<br \/>\n<\/strong><\/span><\/h5>\n<p style=\"text-align: center;\"><em>Assistant professor of Theoretical and Applied Mathematics<\/em><\/p>\n<p style=\"text-align: center;\"><strong>University of Novi Sad<\/strong><\/p>\n<p style=\"text-align: center;\"><strong>Faculty of Technical Sciences<\/strong><\/p>\n<p style=\"text-align: center;\">Trg D. Obradovi\u0107a 6, 21000 Novi Sad, Serbia<\/p>\n<p style=\"text-align: center;\"><span style=\"color: #6f892c;\"><strong>Date of birth: <\/strong><\/span>March 8th, 1966.<\/p>\n<p style=\"text-align: center;\"><span style=\"color: #6f892c;\"><strong>Birth place: <\/strong><\/span>Sombor, Serbia<\/p>\n<p style=\"text-align: center;\"><span style=\"color: #21b8ca;\"><a href=\"mailto:zovcin@uns.ac.rs\">zovcin@uns.ac.rs<\/a><\/span><\/p>\n<p class=\"center\" style=\"text-align: center;\"><span style=\"color: #6f892c;\"><strong> Curriculum Vitae <\/strong><\/span><\/p>\n<h4 style=\"text-align: left;\"><span style=\"color: #c67114;\"><strong>Education:<\/strong><\/span><\/h4>\n<p style=\"text-align: left;\"><span style=\"color: #6f892c;\"><strong>Osnovne studije:<\/strong><\/span><\/p>\n<p style=\"text-align: left;\">1985 &#8211; 1990, University of Novi Sad, Prirodno-matemati\u010dki fakultet<\/p>\n<p style=\"text-align: left;\">Diplomirani matemati\u010dar-informati\u010dar (8.94)<\/p>\n<p style=\"text-align: left;\">B. Sc. 1990.<\/p>\n<p style=\"text-align: left;\"><span style=\"color: #6f892c;\"><strong> Magistarske studije:<\/strong><\/span><\/p>\n<p style=\"text-align: left;\">1990 &#8211; 30. XII 1995, University of Novi Sad, Prirodno-matemati\u010dki fakultet<\/p>\n<p style=\"text-align: left;\">Magistar matemati\u010dkih nauka, disciplina numeri\u010dka matematika (10.00)<\/p>\n<p style=\"text-align: left;\">M. Sc. 1995. \u2013 \u201cVarijacioni princip u fazi metri\u010dkim prostorima&#8221;<\/p>\n<p style=\"text-align: left;\"><span style=\"color: #6f892c;\"><strong>Doktorske studije:<\/strong><\/span><\/p>\n<p>PhD 2016.- 12. VII, University of Novi Sad, Prirodno-matemati\u010dki fakultet<\/p>\n<p>Doktor matemati\u010dkih nauka &#8211; &#8220;Kvazi Njutnovi postupci za probleme stohasti\u010dkog programiranja&#8221;<\/p>\n<p style=\"text-align: left;\"><span style=\"color: #6f892c;\"><strong>Znanje svetskih jezika: <\/strong><\/span>engleski<\/p>\n<h4 style=\"text-align: left;\"><span style=\"color: #c67114;\"><strong>Prof. orientation:<\/strong><\/span><\/h4>\n<p>Numeri\u010dka matematika<\/p>\n<p><span style=\"color: #6f892c;\"><strong>Area of research:<\/strong><\/span><\/p>\n<p>Boundary-value problems, Chebyshev polynomials, Fuzzy numbers, Mathematical programming, Optimization, Stochastic optimization<\/p>\n<p><span style=\"color: #6f892c;\"><strong>Izbori u zvanja:<\/strong><\/span><\/p>\n<p>Asistent, Fakultet tehni\u010dkih nauka, Novi Sad, 1. XI 1991. &#8211; 11. IX. 2013.<\/p>\n<p>Predava\u010d strukovnih studija, Fakultet tehni\u010dkih nauka, Novi Sad,&nbsp; 12. IX 2013. &#8211; 13. XI 2016.<\/p>\n<p>Docent, Fakultet tehni\u010dkih nauka, Novi Sad, 14. XI 2016. &#8211;<\/p>\n<p><span style=\"color: #6f892c;\"><strong>Courses:<\/strong><\/span><\/p>\n<p>Calculus, Operational Research, Statistics<\/p>\n<p style=\"text-align: left; text-indent: 676px; background: transparent url('http:\/\/nblok306.ftn.uns.ac.rs\/~zoran\/wp-content\/themes\/jungleland\/images\/arrow-up.gif') no-repeat scroll right center;\"><a href=\"#top\">Back to Top<\/a><\/p>\n<h4 style=\"text-align: left;\"><span style=\"color: #c67114;\"><strong>Publications:<\/strong><\/span><\/h4>\n<p><span style=\"color: #6f892c;\"><strong>Published papers:<\/strong><\/span><\/p>\n<p style=\"text-align: left;\"><strong>-R. Vulanovi\u0107, Z. Ovcin,<\/strong> On Mesh generation for Singular Perturbation Problems, Univ. u Novom Sadu, Zb. Rad. Prirod.-Mat. Fak. Ser. Mat. 24, 1 (1994), 331-340<\/p>\n<p style=\"text-align: left;\"><strong>&#8211; M. Stojakovi\u0107, Z. Ovcin,<\/strong> Fixed point theorems and variational principle in fuzzy metric spaces, Fuzzy sets and systems 66 (1994), 353-356<\/p>\n<p style=\"text-align: left;\"><strong>&#8211; O. Had\u017ei\u0107, Z. Ovcin,<\/strong> Fixed point theorems in fuzzy metric and probabilistic metric spaces, Univ. u Novom Sadu, Zb. Rad. Prirod. Matem. Fak. Ser. Mat. 24,2 (1994), 197-209<\/p>\n<p style=\"text-align: left;\"><strong>&#8211; O. Had\u017ei\u0107, Z. Ovcin,<\/strong> A variational principle in fuzzy metric spaces, Bulletin T. CXI de l\u2019 Acad\u00e9mie Serbe des Sciences et des Arts &#8211; 1996, Classe des Sciences Math\u00e9matiques et naturelles, Sciences math\u00e9matiques, No 21, 73-84<\/p>\n<p style=\"text-align: left;\"><strong>&#8211; O. Had\u017ei\u0107, Z. Ovcin, <\/strong>A coincidence point theorem for multivalued mappings in 2-Menger spaces, Novi Sad J. Math. Vol 28, No. 3 1998, 29-39<\/p>\n<p style=\"text-align: left;\"><strong>&#8211; Nevenka Ad\u017ei\u0107, Zoran Ovcin, <\/strong>Division Point in Spectral Approximation for the Layer Solution, XIV Conference on Applied Mathematics, D. Herceg, K. Surla, Z. Lu\u017eanin, eds. Institute of Mathematics, Novi Sad, 2001, pp. 98-105<\/p>\n<p style=\"text-align: left;\"><strong>&#8211; N. Ad\u017ei\u0107, Z. Ovcin: <\/strong>SPP with discontinuous function and spectral approximation, Novi Sad Journal ofMathematics, Vol. 33, No. 1, 2003, pp. 119-125<\/p>\n<p style=\"text-align: left;\"><strong>&#8211; N. Ad\u017ei\u0107, Z. Ovcin: <\/strong>Orthogonal series approximation for boundary layers, Theoret. Appl. Mech., Vol.31, No.2, pp.201-214, Belgrade 2004<\/p>\n<p style=\"text-align: left;\"><strong>&#8211; N. Ad\u017ei\u0107, Z. Ovcin:<\/strong> Approximate solution for SPP with discontinuous source term, Theoret. Appl. Mech., Vol.31, No.2, pp.215-234, Belgrade 2004<\/p>\n<p><span style=\"color: #6f892c;\"><strong>Published books:<\/strong><\/span><\/p>\n<p style=\"text-align: left;\"><strong>&#8211; Nevenka Ad\u017ei\u0107, Zorana Lu\u017eanin, Zoran Ovcin,<\/strong> Zbirka re\u0161enih zadataka iz matematike, Edicija &#8220;Univerzitetski ud\u017ebenici&#8221;, Fakultet tehni\u010dkih nauka, Univerzitet u Novom Sadu, 1998<\/p>\n<p style=\"text-align: left;\"><strong>&#8211; Nevenka Ad\u017ei\u0107, Zoran Ovcin, <\/strong>Zbirka re\u0161enih zadataka sa pismenih iz matematike za Arhitektonski odsek, Fakultet tehni\u010dkih nauka u Novom Sadu,1998<\/p>\n<h4 style=\"text-align: left;\"><span style=\"color: #c67114;\"><strong>Conferences:<\/strong><\/span><\/h4>\n<p>&#8211; <strong>Prim <\/strong>u Pali\u0107u 1997.<\/p>\n<p>&#8211; <strong>Prim<\/strong> u Budvi 2004.<\/p>\n<p>&#8211; <strong>CM<\/strong> u Novom Sadu 2004.<\/p>\n<p>&#8211; <strong>ALA<\/strong> u Pali\u0107u 2005.<\/p>\n<p>&#8211; <strong>Prim<\/strong> u Kragujevcu 2006.<\/p>\n<p>&#8211; <strong>ISIRR<\/strong> u Novom Sadu 2007.<\/p>\n<p style=\"text-align: left; text-indent: 676px; background: transparent url('http:\/\/nblok306.ftn.uns.ac.rs\/~zoran\/wp-content\/themes\/jungleland\/images\/arrow-up.gif') no-repeat scroll right center;\"><a href=\"#top\">Back to Top<\/a><\/p>\n","protected":false},"excerpt":{"rendered":"<p>Zoran B. Ovcin, PhD Assistant professor of Theoretical and Applied Mathematics University of Novi Sad Faculty of Technical Sciences Trg D. Obradovi\u0107a 6, 21000 Novi Sad, Serbia Date of birth: March 8th, 1966. Birth place: Sombor, Serbia zovcin@uns.ac.rs Curriculum Vitae Education: Osnovne studije: 1985 &#8211; 1990, University of Novi Sad, Prirodno-matemati\u010dki fakultet Diplomirani matemati\u010dar-informati\u010dar (8.94) [&hellip;]<\/p>\n","protected":false},"author":1,"featured_media":0,"parent":0,"menu_order":0,"comment_status":"closed","ping_status":"closed","template":"","meta":{"ngg_post_thumbnail":0,"footnotes":""},"class_list":["post-6","page","type-page","status-publish","hentry"],"_links":{"self":[{"href":"https:\/\/nblok306.ftn.uns.ac.rs\/~zoran\/index.php?rest_route=\/wp\/v2\/pages\/6","targetHints":{"allow":["GET"]}}],"collection":[{"href":"https:\/\/nblok306.ftn.uns.ac.rs\/~zoran\/index.php?rest_route=\/wp\/v2\/pages"}],"about":[{"href":"https:\/\/nblok306.ftn.uns.ac.rs\/~zoran\/index.php?rest_route=\/wp\/v2\/types\/page"}],"author":[{"embeddable":true,"href":"https:\/\/nblok306.ftn.uns.ac.rs\/~zoran\/index.php?rest_route=\/wp\/v2\/users\/1"}],"replies":[{"embeddable":true,"href":"https:\/\/nblok306.ftn.uns.ac.rs\/~zoran\/index.php?rest_route=%2Fwp%2Fv2%2Fcomments&post=6"}],"version-history":[{"count":69,"href":"https:\/\/nblok306.ftn.uns.ac.rs\/~zoran\/index.php?rest_route=\/wp\/v2\/pages\/6\/revisions"}],"predecessor-version":[{"id":3445,"href":"https:\/\/nblok306.ftn.uns.ac.rs\/~zoran\/index.php?rest_route=\/wp\/v2\/pages\/6\/revisions\/3445"}],"wp:attachment":[{"href":"https:\/\/nblok306.ftn.uns.ac.rs\/~zoran\/index.php?rest_route=%2Fwp%2Fv2%2Fmedia&parent=6"}],"curies":[{"name":"wp","href":"https:\/\/api.w.org\/{rel}","templated":true}]}}