{"id":3138,"date":"2021-11-24T11:48:48","date_gmt":"2021-11-24T10:48:48","guid":{"rendered":"https:\/\/nblok306.ftn.uns.ac.rs\/~zoran\/?page_id=3138"},"modified":"2026-02-06T08:12:03","modified_gmt":"2026-02-06T07:12:03","slug":"ai-13-20-iam002-diskretne-i-kombinatorne-metode-za-racunarsku-grafiku","status":"publish","type":"page","link":"https:\/\/nblok306.ftn.uns.ac.rs\/~zoran\/?page_id=3138","title":{"rendered":"AI.{13.20}.IAM002.Diskretne i kombinatorne metode za ra\u010dunarsku grafiku"},"content":{"rendered":"<table style=\"width: 35%; border-collapse: collapse; margin-left: auto; margin-right: auto;\" border=\"1\">\n<tbody>\n<tr>\n<td style=\"width: 50%;\"><strong>SEMESTAR<\/strong><\/td>\n<td style=\"width: 50%;\">3<\/td>\n<\/tr>\n<tr>\n<td style=\"width: 50%;\"><strong>ESPB<\/strong><\/td>\n<td style=\"width: 50%;\">4<\/td>\n<\/tr>\n<tr>\n<td style=\"width: 50%;\"><strong>FOND \u010cASOVA<\/strong><\/td>\n<td style=\"width: 50%;\">2+2<\/td>\n<\/tr>\n<\/tbody>\n<\/table>\n<h3>Sadr\u017eaj<\/h3>\n<h4>1 Analiza algoritama<\/h4>\n<p>1.1 Algoritmi za pretra\u017eivanje<br \/>1.2 Asimptotske oznake<br \/>1.3 Slo\u017eenost algoritama<br \/>1.4 Rekurzija<br \/>1.5 Algoritmi za sortiranje<br \/>1.5.1 Bubble sort<br \/>1.5.2 Insertion sort<br \/>1.5.3 Selection sort<br \/>1.5.4 Merge sort<br \/>1.5.5 Quick sort<\/p>\n<h4>2 Apstraktni tipovi podataka (ADT)<\/h4>\n<p>2.1 Matrice<br \/>2.2 Polinomi<br \/>2.3 Stack<br \/>2.4 Queue<br \/>2.5 Primene<\/p>\n<h4>3 Grafovi kao ADT<\/h4>\n<p>3.1 Osnovne definicije<br \/>3.2 Strukture podataka za grafove<br \/>3.3 Pretra\u017eivanje u \u0161irinu (BFS) i primene<br \/>3.4 Pretra\u017eivanje u dubinu (DFS) i primene<br \/>3.5 Minimalno pokrivaju\u0107e drvo (MST)<br \/>3.6 Binarna drva<\/p>\n<h4>4 Primene<\/h4>\n<p>3.7 Problem anga\u017eovanja<br \/>3.8 Problem trgova\u010dkog putnika<\/p>\n<h3>Pitanja za usmeni<\/h3>\n<p>1. Kompjuteri i programski jezici &#8211; istorija i principi<br \/>2. Bubble sort<br \/>3. Insertion sort<br \/>4. Selection sort<br \/>5. Merge sort<br \/>6. Quick sort<br \/>7. Slo\u017eenost algoritama i asimptotske oznake<br \/>8. Rekurzija<br \/>9. Pregled algoritama za sortiranje<br \/>10. Protra\u017eivanje<br \/>11. Matrice<br \/>12. Povezane liste<br \/>13. Stack pomo\u0107u povezanih listi<br \/>14. Queue pomo\u0107u povezanih listi<br \/>15. Stack pomo\u0107u nizova<br \/>16. Queue pomo\u0107u nizova<br \/>17. Grafovi, osnovne definicije i teoreme<br \/>18. Strukture podataka za grafove<br \/>19. Breadth first search (BFS)<br \/>20. Algoritmi nad grafovima (stepen, diametar, path, &#8230;)<br \/>21. Depth first search (DFS)<br \/>22. DFS forest, tipovi grana<br \/>23. DFS forest, topolo\u0161ko sortiranje<br \/>24. DFS forest, jako povezane komponente<br \/>25. Minimalno pokrivaju\u0107e drvo, Kruskal<br \/>26. Minimalno pokrivaju\u0107e drvo, Prim<br \/>27. Binarna drva, LC-RC reprezentacija<br \/>28. Binary search tree sort<br \/>29. Problem anga\u017eovanja, ma\u0111arska metoda<br \/>30. Problem trgova\u010dkog putnika<\/p>\n<h3>Na\u010din polaganja<\/h3>\n<p>Predmet se sastoji iz zadataka koji se pola\u017eu pismeno i teorije koja se pola\u017ee na usmenom delu.<\/p>\n<p>Pismeni delovi se pola\u017eu u toku slu\u0161anja nastave preko kolokvijuma i u svakom ispitnom roku u terminu za koji je prijavljen ispit.<\/p>\n<p>Va\u017eenje pismenog dela polo\u017eenog preko kolokvijuma je do kraja kalendarske godine u kojoj je odslu\u0161an predmet ili do poni\u0161tavanja izlaskom na pismeni ispit i re\u0161avanjem zadataka iz odgovaraju\u0107eg dela.<\/p>\n<p>Va\u017eenje pismenog dela polo\u017eenog u ispitnom roku je do usmenog ispita u tom roku, najdu\u017ee 7 dana.<\/p>\n<p>Postoji minimalan broj bodova koji se mora osvojiti da bi se neki deo pismenog ispita ra\u010dunao kao polo\u017een.<\/p>\n<p>Usmeni ispit se odr\u017eava par dana posle pismenog ispita, u terminu dogovorenom na pismenom ispitu. Na usmeni ispit su pozvani studenti koji su prijavili ispit u tom roku i imaju polo\u017eene pismene delove.<\/p>\n<p>Ocene se formiraju na osnovu osvojenih bodova, u skladu sa Statutom FTN-a: 51+ -&gt; 6, 61+ -&gt; 7, &#8230;<\/p>\n<table style=\"border-collapse: collapse; width: 100%; height: 118px;\" border=\"1\">\n<tbody>\n<tr style=\"height: 31px;\">\n<td style=\"width: 25%; height: 31px;\">&nbsp;<\/td>\n<td style=\"width: 25%; text-align: center; height: 31px;\">Deo 1<\/td>\n<td style=\"width: 25%; text-align: center; height: 31px;\">Deo 2<\/td>\n<td style=\"width: 12.5%; text-align: center; height: 31px;\">Usmeni<\/td>\n<td style=\"width: 12.5%; text-align: center; height: 31px;\">suma<\/td>\n<\/tr>\n<tr style=\"height: 29px;\">\n<td style=\"width: 25%; text-align: right; height: 29px;\">MAX<\/td>\n<td style=\"width: 25%; height: 29px; text-align: center;\">40<\/td>\n<td style=\"width: 25%; height: 29px; text-align: center;\">40<\/td>\n<td style=\"width: 12.5%; height: 29px; text-align: center;\">20<\/td>\n<td style=\"width: 12.5%; height: 29px; text-align: center;\">100<\/td>\n<\/tr>\n<tr style=\"height: 29px;\">\n<td style=\"width: 25%; text-align: right; height: 29px;\">MIN<\/td>\n<td style=\"width: 25%; height: 29px; text-align: center;\">18<\/td>\n<td style=\"width: 25%; height: 29px; text-align: center;\">18<\/td>\n<td style=\"width: 12.5%; height: 29px; text-align: center;\">0<\/td>\n<td style=\"width: 12.5%; height: 29px; text-align: center;\">51<\/td>\n<\/tr>\n<tr style=\"height: 29px;\">\n<td style=\"width: 25%; height: 29px; text-align: right;\">Datum kolokvijuma<\/td>\n<td style=\"width: 25%; height: 29px; text-align: center;\">18. I 2026<br \/>7:30 A1, A2<\/td>\n<td style=\"width: 25%; height: 29px; text-align: center;\">14. II 2026<br \/>8:00 A1<\/td>\n<td style=\"width: 12.5%; height: 29px; text-align: center;\">&nbsp;<\/td>\n<td style=\"width: 12.5%; height: 29px; text-align: center;\">&nbsp;<\/td>\n<\/tr>\n<\/tbody>\n<\/table>\n<p>&nbsp;<\/p>\n\n\n<h3 class=\"wp-block-heading\">Literatura<\/h3>\n\n\n\n<ol class=\"wp-block-list\">\n<li><a href=\"https:\/\/nblok306.ftn.uns.ac.rs\/~zoran\/A\/DiKMzRG\/pocetak.pdf\">Po\u010detak knjige<\/a><\/li>\n\n\n\n<li><a href=\"https:\/\/nblok306.ftn.uns.ac.rs\/~zoran\/A\/DiKMzRG\/folije.pdf\">Folije<\/a><\/li>\n\n\n\n<li><a href=\"https:\/\/nblok306.ftn.uns.ac.rs\/~zoran\/A\/DiKMzRG\/\">Ostalo<\/a><\/li>\n\n\n\n<li><a href=\"https:\/\/dl.ebooksworld.ir\/books\/Introduction.to.Algorithms.4th.Leiserson.Stein.Rivest.Cormen.MIT.Press.9780262046305.EBooksWorld.ir.pdf\">Introduction to Algorithms, fourth edition<\/a><\/li>\n<\/ol>\n\n\n\n<p><\/p>\n","protected":false},"excerpt":{"rendered":"<p>SEMESTAR 3 ESPB 4 FOND \u010cASOVA 2+2 Sadr\u017eaj 1 Analiza algoritama 1.1 Algoritmi za pretra\u017eivanje1.2 Asimptotske oznake1.3 Slo\u017eenost algoritama1.4 Rekurzija1.5 Algoritmi za sortiranje1.5.1 Bubble sort1.5.2 Insertion sort1.5.3 Selection sort1.5.4 Merge sort1.5.5 Quick sort 2 Apstraktni tipovi podataka (ADT) 2.1 Matrice2.2 Polinomi2.3 Stack2.4 Queue2.5 Primene 3 Grafovi kao ADT 3.1 Osnovne definicije3.2 Strukture podataka za grafove3.3 [&hellip;]<\/p>\n","protected":false},"author":1,"featured_media":0,"parent":3119,"menu_order":1,"comment_status":"closed","ping_status":"closed","template":"","meta":{"ngg_post_thumbnail":0,"footnotes":""},"class_list":["post-3138","page","type-page","status-publish","hentry"],"_links":{"self":[{"href":"https:\/\/nblok306.ftn.uns.ac.rs\/~zoran\/index.php?rest_route=\/wp\/v2\/pages\/3138","targetHints":{"allow":["GET"]}}],"collection":[{"href":"https:\/\/nblok306.ftn.uns.ac.rs\/~zoran\/index.php?rest_route=\/wp\/v2\/pages"}],"about":[{"href":"https:\/\/nblok306.ftn.uns.ac.rs\/~zoran\/index.php?rest_route=\/wp\/v2\/types\/page"}],"author":[{"embeddable":true,"href":"https:\/\/nblok306.ftn.uns.ac.rs\/~zoran\/index.php?rest_route=\/wp\/v2\/users\/1"}],"replies":[{"embeddable":true,"href":"https:\/\/nblok306.ftn.uns.ac.rs\/~zoran\/index.php?rest_route=%2Fwp%2Fv2%2Fcomments&post=3138"}],"version-history":[{"count":21,"href":"https:\/\/nblok306.ftn.uns.ac.rs\/~zoran\/index.php?rest_route=\/wp\/v2\/pages\/3138\/revisions"}],"predecessor-version":[{"id":3922,"href":"https:\/\/nblok306.ftn.uns.ac.rs\/~zoran\/index.php?rest_route=\/wp\/v2\/pages\/3138\/revisions\/3922"}],"up":[{"embeddable":true,"href":"https:\/\/nblok306.ftn.uns.ac.rs\/~zoran\/index.php?rest_route=\/wp\/v2\/pages\/3119"}],"wp:attachment":[{"href":"https:\/\/nblok306.ftn.uns.ac.rs\/~zoran\/index.php?rest_route=%2Fwp%2Fv2%2Fmedia&parent=3138"}],"curies":[{"name":"wp","href":"https:\/\/api.w.org\/{rel}","templated":true}]}}