{"id":3132,"date":"2021-11-24T11:37:24","date_gmt":"2021-11-24T10:37:24","guid":{"rendered":"https:\/\/nblok306.ftn.uns.ac.rs\/~zoran\/?page_id=3132"},"modified":"2024-02-13T13:45:35","modified_gmt":"2024-02-13T12:45:35","slug":"it-13-se001-statistika","status":"publish","type":"page","link":"https:\/\/nblok306.ftn.uns.ac.rs\/~zoran\/?page_id=3132","title":{"rendered":"IT.13.SE001.Statistika"},"content":{"rendered":"<table style=\"width: 35%; border-collapse: collapse; margin-left: auto; margin-right: auto; height: 87px;\" border=\"1\">\n<tbody>\n<tr style=\"height: 29px;\">\n<td style=\"width: 50%; height: 29px;\"><strong>SEMESTAR<\/strong><\/td>\n<td style=\"width: 50%; height: 29px;\">3<\/td>\n<\/tr>\n<tr style=\"height: 29px;\">\n<td style=\"width: 50%; height: 29px;\"><strong>ESPB<\/strong><\/td>\n<td style=\"width: 50%; height: 29px;\">6<\/td>\n<\/tr>\n<tr style=\"height: 29px;\">\n<td style=\"width: 50%; height: 29px;\"><strong>FOND \u010cASOVA<\/strong><\/td>\n<td style=\"width: 50%; height: 29px;\">3+1+2<\/td>\n<\/tr>\n<\/tbody>\n<\/table>\n<h3>Sadr\u017eaj predmeta<\/h3>\n<p>1. Verovatno\u0107a i slu\u010dajne promenljive<br \/>\n1.1 Prostor verovatno\u0107e<br \/>\n1.2 Uslovna verovatno\u0107a<br \/>\n1.3 Slu\u010dajne promenljive<br \/>\n1.4 Numeri\u010dke karakteristike slu\u010dajnih promenljivih i Regresija<br \/>\n1.5 Zakoni velikih brojeva, Centralne grani\u010dne teoreme<\/p>\n<p>2. Statistika<br \/>\n2.1 Va\u017ene raspodele<br \/>\n2.2 Populacija, obele\u017eje, uzorak, deskriptivna statistika<br \/>\n2.3 Ocene parametara, ta\u010dkaste i intervalne<br \/>\n2.4 Statisti\u010dki testovi zna\u010dajnosti, parametarski i neparametarski<br \/>\n2.5 Regresija, linearna regresija najmanjih kvadrata<br \/>\n2.6 ANOVA<br \/>\n2.7 Jednostavni linearni model, multipla regresija<br \/>\n2.8 Permutacioni testovi<\/p>\n<p>3. Statisti\u010dki softver R<br \/>\n3.1 Pokretanje R-a i osnovne manipulacije podataka<br \/>\n3.2 Deskriptivna statistika i vizualizacija podataka u R-u<br \/>\n3.3 Raspodele, statisti\u010dki testovi, intervali poverenja u R-u<br \/>\n3.4 ANOVA i Jednostavni linearni model u R-u<\/p>\n<h3>Na\u010din polaganja:<\/h3>\n<p>Predmet se sastoji iz predispitnih obaveza, zadataka koji se pola\u017eu pismeno i teorije koja se pola\u017ee na usmenom delu.<\/p>\n<p>Predispitne obaveze se pola\u017eu na ra\u010dunarskim testovima u zakazanim terminima tokom slu\u0161anja nastave i osvojeni bodovi va\u017ee trajno.<\/p>\n<p>Pismeni delovi se pola\u017eu u toku slu\u0161anja nastave preko kolokvijuma i u svakom ispitnom roku u terminu za koji je prijavljen ispit.<\/p>\n<p>Va\u017eenje pismenog dela polo\u017eenog preko kolokvijuma je do kraja kalendarske godine u kojoj je odslu\u0161an predmet ili do poni\u0161tavanja izlaskom na pismeni ispit i re\u0161avanjem zadataka iz tog dela.<\/p>\n<p>Va\u017eenje pismenog dela polo\u017eenog u ispitnom roku je do usmenog ispita u tom roku, najdu\u017ee 7 dana.<\/p>\n<p>Postoji minimalan broj bodova koji se mora osvojiti da bi se neki deo pismenog ispita ra\u010dunao kao polo\u017een.<\/p>\n<p>Usmeni ispit se odr\u017eava par dana posle pismenog ispita, u terminu dogovorenom na pismenom ispitu. Na usmeni ispit su pozvani studenti koji su prijavili ispit u tom roku, imaju polo\u017eene pismene delove i skupljenih najmanje 31 bod ukupno.<\/p>\n<p>Ocene se formiraju na osnovu osvojenih bodova, u skladu sa Statutom FTN-a: 51+ -&gt; 6, 61+ -&gt; 7, &#8230;<\/p>\n<p>U tabeli koja sledi se vide delovi i bodovi.<\/p>\n<p><span style=\"color: #ff0000;\">Za studente koji su prijavili polaganje preko kolokvijuma \u0161kolske 2023-2024, termine kolokvijuma pogledajte<\/span> <a href=\"_wp_link_placeholder\" data-wplink-edit=\"true\">na stranici nove akreditacije<\/a>.<\/p>\n<table style=\"border-collapse: collapse; width: 98.384%; height: 54px;\" border=\"1\">\n<tbody>\n<tr>\n<td style=\"width: 11.5%;\">&nbsp;<\/td>\n<td style=\"width: 23%; text-align: center;\">Pismeni<\/td>\n<td style=\"width: 22.5%; text-align: center;\">Predispitne obaveze<\/td>\n<td style=\"width: 23%; text-align: center;\">Usmeni<\/td>\n<td style=\"width: 11%; text-align: center;\">&nbsp;<\/td>\n<\/tr>\n<\/tbody>\n<\/table>\n<table style=\"border-collapse: collapse; width: 98.3051%; height: 152px;\" border=\"1\">\n<tbody>\n<tr style=\"text-align: center;\">\n<td style=\"width: 12.5%;\">&nbsp;<\/td>\n<td style=\"width: 12.5%;\">Deo 1<\/td>\n<td style=\"width: 12.5%;\">Deo 2<\/td>\n<td style=\"width: 12.5%;\">Test R1<\/td>\n<td style=\"width: 12.5%;\">Test R2<\/td>\n<td style=\"width: 12.5%;\">Test<\/td>\n<td style=\"width: 12.5%;\">Teorija<\/td>\n<td style=\"width: 12.5%;\">Suma<\/td>\n<\/tr>\n<tr style=\"text-align: center;\">\n<td style=\"width: 12.5%;\">MAX<\/td>\n<td style=\"width: 12.5%;\">30<\/td>\n<td style=\"width: 12.5%;\">20<\/td>\n<td style=\"width: 12.5%;\">15<\/td>\n<td style=\"width: 12.5%;\">15<\/td>\n<td style=\"width: 12.5%;\">10<\/td>\n<td style=\"width: 12.5%;\">10<\/td>\n<td style=\"width: 12.5%;\">100<\/td>\n<\/tr>\n<tr style=\"text-align: center;\">\n<td style=\"width: 12.5%;\">MIN<\/td>\n<td style=\"width: 12.5%;\">10<\/td>\n<td style=\"width: 12.5%;\">8<\/td>\n<td style=\"width: 12.5%;\">0<\/td>\n<td style=\"width: 12.5%;\">0<\/td>\n<td style=\"width: 12.5%;\">0<\/td>\n<td style=\"width: 12.5%;\">0<\/td>\n<td style=\"width: 12.5%;\">51<\/td>\n<\/tr>\n<tr>\n<td style=\"width: 12.5%; text-align: center;\">Datum&nbsp; kolokvijuma<\/td>\n<td style=\"width: 12.5%; text-align: center;\">12. XII 2020<\/td>\n<td style=\"width: 12.5%; text-align: center;\">29. I 2021<\/td>\n<td style=\"width: 12.5%; text-align: center;\">11. I 2021<br \/>\n8:30<\/td>\n<td style=\"width: 12.5%; text-align: center;\">25. I 2021<br \/>\n9:00<\/td>\n<td style=\"width: 12.5%; text-align: center;\">&nbsp;<\/td>\n<td style=\"width: 12.5%; text-align: center;\">&nbsp;<\/td>\n<td style=\"width: 12.5%; text-align: center;\">&nbsp;<\/td>\n<\/tr>\n<\/tbody>\n<\/table>\n<p>&nbsp;<\/p>\n","protected":false},"excerpt":{"rendered":"<p>SEMESTAR 3 ESPB 6 FOND \u010cASOVA 3+1+2 Sadr\u017eaj predmeta 1. Verovatno\u0107a i slu\u010dajne promenljive 1.1 Prostor verovatno\u0107e 1.2 Uslovna verovatno\u0107a 1.3 Slu\u010dajne promenljive 1.4 Numeri\u010dke karakteristike slu\u010dajnih promenljivih i Regresija 1.5 Zakoni velikih brojeva, Centralne grani\u010dne teoreme 2. Statistika 2.1 Va\u017ene raspodele 2.2 Populacija, obele\u017eje, uzorak, deskriptivna statistika 2.3 Ocene parametara, ta\u010dkaste i intervalne 2.4 [&hellip;]<\/p>\n","protected":false},"author":1,"featured_media":0,"parent":3119,"menu_order":11,"comment_status":"closed","ping_status":"closed","template":"","meta":{"ngg_post_thumbnail":0,"footnotes":""},"class_list":["post-3132","page","type-page","status-publish","hentry"],"_links":{"self":[{"href":"https:\/\/nblok306.ftn.uns.ac.rs\/~zoran\/index.php?rest_route=\/wp\/v2\/pages\/3132","targetHints":{"allow":["GET"]}}],"collection":[{"href":"https:\/\/nblok306.ftn.uns.ac.rs\/~zoran\/index.php?rest_route=\/wp\/v2\/pages"}],"about":[{"href":"https:\/\/nblok306.ftn.uns.ac.rs\/~zoran\/index.php?rest_route=\/wp\/v2\/types\/page"}],"author":[{"embeddable":true,"href":"https:\/\/nblok306.ftn.uns.ac.rs\/~zoran\/index.php?rest_route=\/wp\/v2\/users\/1"}],"replies":[{"embeddable":true,"href":"https:\/\/nblok306.ftn.uns.ac.rs\/~zoran\/index.php?rest_route=%2Fwp%2Fv2%2Fcomments&post=3132"}],"version-history":[{"count":3,"href":"https:\/\/nblok306.ftn.uns.ac.rs\/~zoran\/index.php?rest_route=\/wp\/v2\/pages\/3132\/revisions"}],"predecessor-version":[{"id":3684,"href":"https:\/\/nblok306.ftn.uns.ac.rs\/~zoran\/index.php?rest_route=\/wp\/v2\/pages\/3132\/revisions\/3684"}],"up":[{"embeddable":true,"href":"https:\/\/nblok306.ftn.uns.ac.rs\/~zoran\/index.php?rest_route=\/wp\/v2\/pages\/3119"}],"wp:attachment":[{"href":"https:\/\/nblok306.ftn.uns.ac.rs\/~zoran\/index.php?rest_route=%2Fwp%2Fv2%2Fmedia&parent=3132"}],"curies":[{"name":"wp","href":"https:\/\/api.w.org\/{rel}","templated":true}]}}