{"id":3129,"date":"2021-11-24T11:32:59","date_gmt":"2021-11-24T10:32:59","guid":{"rendered":"https:\/\/nblok306.ftn.uns.ac.rs\/~zoran\/?page_id=3129"},"modified":"2024-10-03T08:21:29","modified_gmt":"2024-10-03T06:21:29","slug":"ee-1320-e145-operaciona-istrazivanja","status":"publish","type":"page","link":"https:\/\/nblok306.ftn.uns.ac.rs\/~zoran\/?page_id=3129","title":{"rendered":"EE.{13,20}.E145.Operaciona istra\u017eivanja"},"content":{"rendered":"<table style=\"width: 45.5%; border-collapse: collapse; margin-left: auto; margin-right: auto; height: 111px;\" border=\"1\">\n<tbody>\n<tr style=\"height: 29px;\">\n<td style=\"width: 50%; height: 29px;\">SEMESTAR<\/td>\n<td style=\"width: 50%; height: 29px;\">4<\/td>\n<\/tr>\n<tr style=\"height: 29px;\">\n<td style=\"width: 50%; height: 29px;\">ESPB<\/td>\n<td style=\"width: 50%; height: 29px;\">7<\/td>\n<\/tr>\n<tr style=\"height: 29px;\">\n<td style=\"width: 50%; height: 29px;\">FOND \u010cASOVA<\/td>\n<td style=\"width: 50%; height: 29px;\">3+3<\/td>\n<\/tr>\n<\/tbody>\n<\/table>\n<h2>Sadr\u017eaj predmeta<\/h2>\n<h3>1. Problem linearnog programiranja<\/h3>\n<h4>1.1 Re\u0161enje problema linearnog programiranja<br \/>\n1.2 Re\u010dnik<br \/>\n1.3 Simplex algoritam<br \/>\n1.4 Simplex tabela<br \/>\n1.5 Grafi\u010dko re\u0161avanje<br \/>\n1.6 Degenerisani re\u010dnici, degenerisani pivoti, anticiklin<br \/>\n1.7 Dualnost<br \/>\n1.8 Slaba i jaka teorema dualnosti<br \/>\n1.9 Negativno transponovanje<br \/>\n1.10 Komplementarnost dodatnih promenljivih<br \/>\n1.11 Dualni simplex algoritam<br \/>\n1.12 Matri\u010dni zapis<br \/>\n1.13 Analiza osetljivosti<br \/>\n1.14 Parametarski self dual simplex algoritam<\/h4>\n<h3>2. Mre\u017eni protok &#8211; minimizacija cene transporta<\/h3>\n<h4>2.1 Mre\u017eni protok kao problem linearnog programiranja<br \/>\n2.2 Primarni simplex algoritam<br \/>\n2.3 Dualni simplex algoritam<br \/>\n2.4 Parametarski self-dual simplex algoritam<br \/>\n2.5 Najkra\u0107i put u mre\u017ei<br \/>\n2.6 Hi\u010dkokov problem<br \/>\n2.7 Problem anga\u017eovanja<\/h4>\n<h3>3. Matri\u010dne igre<\/h3>\n<h4>3.1 Sedlasta ta\u010dka<br \/>\n3.2 Optimalna strategija<br \/>\n3.3 Re\u0161avanje<\/h4>\n<h3>Na\u010din polaganja:<\/h3>\n<p>Predmet se sastoji iz dva dela, oba se pola\u017eu pismeno i usmeno. Pismeni deo se pola\u017ee na ispitu u zakazanom terminu ili preko kolokvijuma. Usmeni za oba dela se pola\u017ee kad se na oba pismena dela ima osvojeno barem 20 bodova, u terminu par dana posle pismenog ispita, dogovorenom na pismenom ispitu.<\/p>\n<p>Va\u017eenje pismenog dela polo\u017eenog preko kolokvijuma je do kraja kalendarske godine u kojoj je odslu\u0161an predmet ili do poni\u0161tavanja izlaskom na pismeni ispit i re\u0161avanjem zadataka iz tog dela.<\/p>\n<p>Va\u017eenje pismenog dela polo\u017eenog u ispitnom roku je do usmenog ispita u tom roku, najdu\u017ee 7 dana.<\/p>\n<p>Ocene se formiraju na osnovu osvojenih bodova, u skladu sa Statutom FTN-a: 51+ -&gt; 6, 61+ -&gt; 7, &#8230;<\/p>\n<p>Bodovi:<\/p>\n<table style=\"border-collapse: collapse; width: 100%;\" border=\"1\">\n<tbody>\n<tr>\n<td style=\"width: 33.3333%;\">&nbsp;<\/td>\n<td style=\"width: 33.3333%; text-align: center;\">I deo<\/td>\n<td style=\"width: 33.3333%; text-align: center;\">II deo<\/td>\n<\/tr>\n<tr>\n<td style=\"width: 33.3333%;\">Pismeni<\/td>\n<td style=\"width: 33.3333%; text-align: center;\">40<\/td>\n<td style=\"width: 33.3333%; text-align: center;\">40<\/td>\n<\/tr>\n<tr>\n<td style=\"width: 33.3333%;\">Datum kolokvijuma<\/td>\n<td style=\"width: 33.3333%; text-align: center;\">&nbsp;<\/td>\n<td style=\"width: 33.3333%; text-align: center;\">&nbsp;<\/td>\n<\/tr>\n<tr>\n<td style=\"width: 33.3333%;\">Usmeni<\/td>\n<td style=\"width: 33.3333%; text-align: center;\">10<\/td>\n<td style=\"width: 33.3333%; text-align: center;\">10<\/td>\n<\/tr>\n<\/tbody>\n<\/table>\n<p>&nbsp;<\/p>\n<p>&nbsp;<\/p>\n","protected":false},"excerpt":{"rendered":"<p>SEMESTAR 4 ESPB 7 FOND \u010cASOVA 3+3 Sadr\u017eaj predmeta 1. Problem linearnog programiranja 1.1 Re\u0161enje problema linearnog programiranja 1.2 Re\u010dnik 1.3 Simplex algoritam 1.4 Simplex tabela 1.5 Grafi\u010dko re\u0161avanje 1.6 Degenerisani re\u010dnici, degenerisani pivoti, anticiklin 1.7 Dualnost 1.8 Slaba i jaka teorema dualnosti 1.9 Negativno transponovanje 1.10 Komplementarnost dodatnih promenljivih 1.11 Dualni simplex algoritam 1.12 [&hellip;]<\/p>\n","protected":false},"author":1,"featured_media":0,"parent":3119,"menu_order":10,"comment_status":"closed","ping_status":"closed","template":"","meta":{"ngg_post_thumbnail":0,"footnotes":""},"class_list":["post-3129","page","type-page","status-publish","hentry"],"_links":{"self":[{"href":"https:\/\/nblok306.ftn.uns.ac.rs\/~zoran\/index.php?rest_route=\/wp\/v2\/pages\/3129","targetHints":{"allow":["GET"]}}],"collection":[{"href":"https:\/\/nblok306.ftn.uns.ac.rs\/~zoran\/index.php?rest_route=\/wp\/v2\/pages"}],"about":[{"href":"https:\/\/nblok306.ftn.uns.ac.rs\/~zoran\/index.php?rest_route=\/wp\/v2\/types\/page"}],"author":[{"embeddable":true,"href":"https:\/\/nblok306.ftn.uns.ac.rs\/~zoran\/index.php?rest_route=\/wp\/v2\/users\/1"}],"replies":[{"embeddable":true,"href":"https:\/\/nblok306.ftn.uns.ac.rs\/~zoran\/index.php?rest_route=%2Fwp%2Fv2%2Fcomments&post=3129"}],"version-history":[{"count":1,"href":"https:\/\/nblok306.ftn.uns.ac.rs\/~zoran\/index.php?rest_route=\/wp\/v2\/pages\/3129\/revisions"}],"predecessor-version":[{"id":3131,"href":"https:\/\/nblok306.ftn.uns.ac.rs\/~zoran\/index.php?rest_route=\/wp\/v2\/pages\/3129\/revisions\/3131"}],"up":[{"embeddable":true,"href":"https:\/\/nblok306.ftn.uns.ac.rs\/~zoran\/index.php?rest_route=\/wp\/v2\/pages\/3119"}],"wp:attachment":[{"href":"https:\/\/nblok306.ftn.uns.ac.rs\/~zoran\/index.php?rest_route=%2Fwp%2Fv2%2Fmedia&parent=3129"}],"curies":[{"name":"wp","href":"https:\/\/api.w.org\/{rel}","templated":true}]}}