{"id":2719,"date":"2020-03-27T13:52:39","date_gmt":"2020-03-27T12:52:39","guid":{"rendered":"http:\/\/nblok306.ftn.uns.ac.rs\/~zoran\/?page_id=2719"},"modified":"2023-03-16T23:26:24","modified_gmt":"2023-03-16T22:26:24","slug":"operaciona-istrazivanja-eet-cet-materijal-za-predavanja-vezbe-i-samostalan-rad","status":"publish","type":"page","link":"https:\/\/nblok306.ftn.uns.ac.rs\/~zoran\/?page_id=2719","title":{"rendered":"Operaciona istra\u017eivanja EET, \u010cET, materijal za predavanja, ve\u017ebe i samostalan rad"},"content":{"rendered":"<p>&nbsp;<\/p>\n<p>Na ovoj stranici \u0107u postavljati materijal<\/p>\n<p><a href=\"\/~zoran\/A\/cet\/folije.pdf\">folije.pdf<\/a><\/p>\n<p><a href=\"\/~zoran\/A\/cet\/vezbe.pdf\">vezbe.pdf<\/a><\/p>\n<p><a href=\"\/~zoran\/A\/cet\/folije_exercises.pdf\">folije_exercises.pdf<\/a><\/p>\n<p>&nbsp;<\/p>\n","protected":false},"excerpt":{"rendered":"<p>&nbsp; Na ovoj stranici \u0107u postavljati materijal folije.pdf vezbe.pdf folije_exercises.pdf &nbsp;<\/p>\n","protected":false},"author":1,"featured_media":0,"parent":88,"menu_order":17,"comment_status":"closed","ping_status":"closed","template":"","meta":{"ngg_post_thumbnail":0,"footnotes":""},"class_list":["post-2719","page","type-page","status-publish","hentry"],"_links":{"self":[{"href":"https:\/\/nblok306.ftn.uns.ac.rs\/~zoran\/index.php?rest_route=\/wp\/v2\/pages\/2719","targetHints":{"allow":["GET"]}}],"collection":[{"href":"https:\/\/nblok306.ftn.uns.ac.rs\/~zoran\/index.php?rest_route=\/wp\/v2\/pages"}],"about":[{"href":"https:\/\/nblok306.ftn.uns.ac.rs\/~zoran\/index.php?rest_route=\/wp\/v2\/types\/page"}],"author":[{"embeddable":true,"href":"https:\/\/nblok306.ftn.uns.ac.rs\/~zoran\/index.php?rest_route=\/wp\/v2\/users\/1"}],"replies":[{"embeddable":true,"href":"https:\/\/nblok306.ftn.uns.ac.rs\/~zoran\/index.php?rest_route=%2Fwp%2Fv2%2Fcomments&post=2719"}],"version-history":[{"count":1,"href":"https:\/\/nblok306.ftn.uns.ac.rs\/~zoran\/index.php?rest_route=\/wp\/v2\/pages\/2719\/revisions"}],"predecessor-version":[{"id":2720,"href":"https:\/\/nblok306.ftn.uns.ac.rs\/~zoran\/index.php?rest_route=\/wp\/v2\/pages\/2719\/revisions\/2720"}],"up":[{"embeddable":true,"href":"https:\/\/nblok306.ftn.uns.ac.rs\/~zoran\/index.php?rest_route=\/wp\/v2\/pages\/88"}],"wp:attachment":[{"href":"https:\/\/nblok306.ftn.uns.ac.rs\/~zoran\/index.php?rest_route=%2Fwp%2Fv2%2Fmedia&parent=2719"}],"curies":[{"name":"wp","href":"https:\/\/api.w.org\/{rel}","templated":true}]}}