{"id":1089,"date":"2011-11-14T22:26:58","date_gmt":"2011-11-14T21:26:58","guid":{"rendered":"http:\/\/nblok306.ftn.uns.ac.rs\/~zoran\/?page_id=1089"},"modified":"2021-05-04T10:05:37","modified_gmt":"2021-05-04T08:05:37","slug":"operaciona-istrazivanja-u-saobracaju-vezbe","status":"publish","type":"page","link":"https:\/\/nblok306.ftn.uns.ac.rs\/~zoran\/?page_id=1089","title":{"rendered":"Operaciona istra\u017eivanja u saobra\u0107aju, ve\u017ebe"},"content":{"rendered":"<p><a title=\"Zadaci za ve\u017ebe iz Operacionih istra\u017eivanja\" href=\".\/vezbe\/oi_so_vezbe_2011_2012.pdf\">Ovde <\/a>su zadaci koje smo radili na prvim ve\u017ebama.<\/p>\n<h2>Materijal koji sam ja oka\u010dio na Blogu<\/h2>\n<ul>\n<li>Prvi kolokvijum vezan za&nbsp;<strong>slu\u010dajne procese<\/strong>&nbsp;sadr\u017ei gradivo iz<\/li>\n<\/ul>\n<p><a href=\"\/~zoran\/oiso_lekari.pdf\">Sistema D|D|r|k<\/a><\/p>\n<p><a href=\"\/~zoran\/nz4.pdf\">Slu\u010dajnih procesa, Procesa ra\u0111anja i umiranja i M|M|r|k|FIFO sistema<\/a><\/p>\n<ul>\n<li>Drugi kolokvijum je vezan za&nbsp;<strong>linearno programiranje<\/strong>:<\/li>\n<\/ul>\n<p><a title=\"Primeri tekstualnih zadataka iz Linearnog programiranja\" href=\"\/~zoran\/vezbe\/oizad-new.pdf\">Tekstualni zadaci<\/a><\/p>\n<p><a href=\"\/~zoran\/zadaci.pdf\">Grafi\u010dka i Simplex metoda na primerima sa dve promenljive<\/a><\/p>\n<p><a href=\"\/~zoran\/nz.pdf\">Dualnost i Simplex metoda<\/a><\/p>\n<p><a href=\"\/~zoran\/kamioni.pdf\">Re\u0161en zadatak sa kolokvijuma iz linearnog programiranja 2009<\/a><\/p>\n<ul>\n<li>Tre\u0107i kolokvijum je vezan za&nbsp;<strong>mre\u017eni protok<\/strong><\/li>\n<\/ul>\n<p><a href=\"\/~zoran\/nz2.pdf\">Primarni, dualni Simplex i Self dual simplex<\/a><\/p>\n<p><a href=\"\/~zoran\/nz3.pdf\">Mre\u017eni protok i primena<\/a><\/p>\n<ul>\n<li>Nekoliko&nbsp;<strong>ispitnih rokova sa re\u0161enjima<\/strong><\/li>\n<\/ul>\n<p><a href=\"\/~zoran\/oi_so_jan10_resenja.pdf\">20100125<\/a><\/p>\n<p><a href=\"\/~zoran\/oi_so_feb10_resenja.pdf\">20100208<\/a><\/p>\n<p><a href=\"\/~zoran\/oi_so_mar10_resenja.pdf\">20100321<\/a><\/p>\n<ul>\n<li>Nekoliko&nbsp;<strong>starih ispitnih rokova sa skeniranim re\u0161enjima<\/strong>&nbsp;iz kojih nam trebaju samo neki zadaci<\/li>\n<\/ul>\n<p><a title=\"Operaciona istra\u017eivanja po starom programu (III godina)\" href=\"\/~zoran\/?p=229\">Vidi ovaj post<\/a><\/p>\n<ul>\n<li><strong>Tekstovi zadataka sa ispita poslednjih godinu dana<\/strong><\/li>\n<\/ul>\n<p><a title=\"Operaciona istra\u017eivanja u saobra\u0107aju (V godina)\" href=\"\/~zoran\/?p=1413\">Vidi ovaj post<\/a><\/p>\n<p><a title=\"Uputstvo za doma\u0107i\" href=\"http:\/\/nblok306.ftn.uns.ac.rs\/~zoran\/?p=722\">Ovde<\/a> je pro\u0161logodi\u0161nje uputstvo za izradu doma\u0107eg zadatka. Promena je da ove godine treba poslati mailom na moju adresu: <a href=\"mailto:zovcin@uns.ac.rs\">zovcin@uns.ac.rs<\/a>.<\/p>\n<p>Ako dokucam jo\u0161 neki materijal, objavi\u0107u na Blogu.<\/p>\n<p>ps (dopisano 20. XII 2010.) Ovde imate primere&nbsp;<a title=\"Primer tekstualnih zadataka (domaci za masince)\" href=\"\/~zoran\/domaci_2010_11.pdf\">tekstualnih zadataka \u0161to su ma\u0161inci dobili za doma\u0107i<\/a>.<\/p>\n<p>Dati materijal je podlo\u017ean izmenama i prepravkama, ako primetite gre\u0161ku, molim da mi javite mejlom<\/p>\n<p>Ako sami raspola\u017eete nekim materijalom koji bi bio zanimljiv ostalima kolegama, po\u0161aljite da ga dodam<\/p>\n","protected":false},"excerpt":{"rendered":"<p>Ovde su zadaci koje smo radili na prvim ve\u017ebama. Materijal koji sam ja oka\u010dio na Blogu Prvi kolokvijum vezan za&nbsp;slu\u010dajne procese&nbsp;sadr\u017ei gradivo iz Sistema D|D|r|k Slu\u010dajnih procesa, Procesa ra\u0111anja i umiranja i M|M|r|k|FIFO sistema Drugi kolokvijum je vezan za&nbsp;linearno programiranje: Tekstualni zadaci Grafi\u010dka i Simplex metoda na primerima sa dve promenljive Dualnost i Simplex metoda [&hellip;]<\/p>\n","protected":false},"author":1,"featured_media":0,"parent":88,"menu_order":0,"comment_status":"open","ping_status":"closed","template":"","meta":{"ngg_post_thumbnail":0,"footnotes":""},"class_list":["post-1089","page","type-page","status-publish","hentry"],"_links":{"self":[{"href":"https:\/\/nblok306.ftn.uns.ac.rs\/~zoran\/index.php?rest_route=\/wp\/v2\/pages\/1089","targetHints":{"allow":["GET"]}}],"collection":[{"href":"https:\/\/nblok306.ftn.uns.ac.rs\/~zoran\/index.php?rest_route=\/wp\/v2\/pages"}],"about":[{"href":"https:\/\/nblok306.ftn.uns.ac.rs\/~zoran\/index.php?rest_route=\/wp\/v2\/types\/page"}],"author":[{"embeddable":true,"href":"https:\/\/nblok306.ftn.uns.ac.rs\/~zoran\/index.php?rest_route=\/wp\/v2\/users\/1"}],"replies":[{"embeddable":true,"href":"https:\/\/nblok306.ftn.uns.ac.rs\/~zoran\/index.php?rest_route=%2Fwp%2Fv2%2Fcomments&post=1089"}],"version-history":[{"count":12,"href":"https:\/\/nblok306.ftn.uns.ac.rs\/~zoran\/index.php?rest_route=\/wp\/v2\/pages\/1089\/revisions"}],"predecessor-version":[{"id":3022,"href":"https:\/\/nblok306.ftn.uns.ac.rs\/~zoran\/index.php?rest_route=\/wp\/v2\/pages\/1089\/revisions\/3022"}],"up":[{"embeddable":true,"href":"https:\/\/nblok306.ftn.uns.ac.rs\/~zoran\/index.php?rest_route=\/wp\/v2\/pages\/88"}],"wp:attachment":[{"href":"https:\/\/nblok306.ftn.uns.ac.rs\/~zoran\/index.php?rest_route=%2Fwp%2Fv2%2Fmedia&parent=1089"}],"curies":[{"name":"wp","href":"https:\/\/api.w.org\/{rel}","templated":true}]}}